{"id":1379,"date":"2020-12-09T14:55:06","date_gmt":"2020-12-09T13:55:06","guid":{"rendered":"https:\/\/www.fotostudiobrand.de\/colibri-wp\/"},"modified":"2024-11-20T12:56:45","modified_gmt":"2024-11-20T11:56:45","slug":"startseite","status":"publish","type":"page","link":"https:\/\/www.fotostudiobrand.de\/fotograf-coburg\/","title":{"rendered":"Home"},"content":{"rendered":"\t\t<div data-elementor-type=\"wp-page\" data-elementor-id=\"1379\" class=\"elementor elementor-1379\">\n\t\t\t\t\t\t<div class=\"elementor-inner\">\n\t\t\t\t<div class=\"elementor-section-wrap\">\n\t\t\t\t\t\t\t\t\t<section class=\"elementor-section elementor-top-section elementor-element elementor-element-5974a13 elementor-section-full_width elementor-section-height-default elementor-section-height-default\" data-id=\"5974a13\" data-element_type=\"section\">\n\t\t\t\t\t\t<div class=\"elementor-container elementor-column-gap-default\">\n\t\t\t\t\t\t\t<div class=\"elementor-row\">\n\t\t\t\t\t<div class=\"elementor-column elementor-col-100 elementor-top-column elementor-element elementor-element-e6df963\" data-id=\"e6df963\" data-element_type=\"column\">\n\t\t\t<div class=\"elementor-column-wrap elementor-element-populated\">\n\t\t\t\t\t\t\t<div class=\"elementor-widget-wrap\">\n\t\t\t\t\t\t<div class=\"elementor-element elementor-element-1e8fe5c elementor-widget elementor-widget-text-editor\" data-id=\"1e8fe5c\" data-element_type=\"widget\" data-widget_type=\"text-editor.default\">\n\t\t\t\t<div class=\"elementor-widget-container\">\n\t\t\t\t\t\t\t\t<div class=\"elementor-text-editor elementor-clearfix\">\n\t\t\t\t<p style=\"text-align: center;\">Wir g\u00f6nnen uns eine kleine kreative Pause und bieten aktuell keine Fotoshootings an \u2013<\/p><p style=\"text-align: center;\">unsere Fotoboxen stehen Euch jedoch weiterhin zur Verf\u00fcgung!<\/p>\t\t\t\t\t<\/div>\n\t\t\t\t\t\t<\/div>\n\t\t\t\t<\/div>\n\t\t\t\t\t\t<\/div>\n\t\t\t\t\t<\/div>\n\t\t<\/div>\n\t\t\t\t\t\t\t\t<\/div>\n\t\t\t\t\t<\/div>\n\t\t<\/section>\n\t\t\t\t<section class=\"elementor-section elementor-top-section elementor-element elementor-element-d8fabac elementor-section-full_width elementor-section-height-min-height elementor-section-height-default elementor-section-items-middle\" data-id=\"d8fabac\" data-element_type=\"section\" data-settings=\"{&quot;background_background&quot;:&quot;slideshow&quot;,&quot;background_slideshow_gallery&quot;:[{&quot;id&quot;:4426,&quot;url&quot;:&quot;https:\\\/\\\/www.fotostudiobrand.de\\\/wp-content\\\/uploads\\\/2023\\\/01\\\/silhouette-of-two-girl-having-fun-in-nature-Kopie2-scaled.jpg&quot;}],&quot;background_slideshow_loop&quot;:&quot;yes&quot;,&quot;background_slideshow_slide_duration&quot;:5000,&quot;background_slideshow_slide_transition&quot;:&quot;fade&quot;,&quot;background_slideshow_transition_duration&quot;:500}\">\n\t\t\t\t\t\t<div class=\"elementor-container elementor-column-gap-default\">\n\t\t\t\t\t\t\t<div class=\"elementor-row\">\n\t\t\t\t\t<div class=\"elementor-column elementor-col-100 elementor-top-column elementor-element elementor-element-573b28d\" data-id=\"573b28d\" data-element_type=\"column\">\n\t\t\t<div class=\"elementor-column-wrap elementor-element-populated\">\n\t\t\t\t\t\t\t<div class=\"elementor-widget-wrap\">\n\t\t\t\t\t\t<div class=\"elementor-element elementor-element-d86cef8 elementor-widget elementor-widget-heading\" data-id=\"d86cef8\" data-element_type=\"widget\" data-widget_type=\"heading.default\">\n\t\t\t\t<div class=\"elementor-widget-container\">\n\t\t\t<h1 class=\"elementor-heading-title elementor-size-default\">Fotostudio Brand<\/h1>\t\t<\/div>\n\t\t\t\t<\/div>\n\t\t\t\t<div class=\"elementor-element elementor-element-5b72e5b elementor-widget-divider--view-line elementor-widget elementor-widget-divider\" data-id=\"5b72e5b\" data-element_type=\"widget\" data-widget_type=\"divider.default\">\n\t\t\t\t<div class=\"elementor-widget-container\">\n\t\t\t\t\t<div class=\"elementor-divider\">\n\t\t\t<span class=\"elementor-divider-separator\">\n\t\t\t\t\t\t<\/span>\n\t\t<\/div>\n\t\t\t\t<\/div>\n\t\t\t\t<\/div>\n\t\t\t\t<div class=\"elementor-element elementor-element-dd7dc8d elementor-widget elementor-widget-heading\" data-id=\"dd7dc8d\" data-element_type=\"widget\" data-widget_type=\"heading.default\">\n\t\t\t\t<div class=\"elementor-widget-container\">\n\t\t\t<h2 class=\"elementor-heading-title elementor-size-default\">Fotograf in Coburg<\/h2>\t\t<\/div>\n\t\t\t\t<\/div>\n\t\t\t\t\t\t<\/div>\n\t\t\t\t\t<\/div>\n\t\t<\/div>\n\t\t\t\t\t\t\t\t<\/div>\n\t\t\t\t\t<\/div>\n\t\t<\/section>\n\t\t\t\t<section class=\"elementor-section elementor-top-section elementor-element elementor-element-7850a35 elementor-section-full_width elementor-section-height-default elementor-section-height-default\" data-id=\"7850a35\" data-element_type=\"section\">\n\t\t\t\t\t\t<div class=\"elementor-container elementor-column-gap-default\">\n\t\t\t\t\t\t\t<div class=\"elementor-row\">\n\t\t\t\t\t<div class=\"elementor-column elementor-col-100 elementor-top-column elementor-element elementor-element-1fe5351\" data-id=\"1fe5351\" data-element_type=\"column\">\n\t\t\t<div class=\"elementor-column-wrap elementor-element-populated\">\n\t\t\t\t\t\t\t<div class=\"elementor-widget-wrap\">\n\t\t\t\t\t\t\t\t<\/div>\n\t\t\t\t\t<\/div>\n\t\t<\/div>\n\t\t\t\t\t\t\t\t<\/div>\n\t\t\t\t\t<\/div>\n\t\t<\/section>\n\t\t\t\t<section class=\"elementor-section elementor-top-section elementor-element elementor-element-880da94 elementor-section-full_width elementor-section-height-default elementor-section-height-default\" data-id=\"880da94\" data-element_type=\"section\">\n\t\t\t\t\t\t<div class=\"elementor-container elementor-column-gap-default\">\n\t\t\t\t\t\t\t<div class=\"elementor-row\">\n\t\t\t\t\t<div class=\"elementor-column elementor-col-100 elementor-top-column elementor-element elementor-element-611f494\" data-id=\"611f494\" data-element_type=\"column\">\n\t\t\t<div class=\"elementor-column-wrap elementor-element-populated\">\n\t\t\t\t\t\t\t<div class=\"elementor-widget-wrap\">\n\t\t\t\t\t\t<div class=\"elementor-element elementor-element-7abc62b elementor-widget elementor-widget-text-editor\" data-id=\"7abc62b\" data-element_type=\"widget\" data-widget_type=\"text-editor.default\">\n\t\t\t\t<div class=\"elementor-widget-container\">\n\t\t\t\t\t\t\t\t<div class=\"elementor-text-editor elementor-clearfix\">\n\t\t\t\t<div class=\"ti-widget ti-goog\" data-layout-id=\"34\" data-set-id=\"drop-shadow\" data-pid=\"b5167179c03e50ec942cb\" data-pager-autoplay-timeout=\"6\" > <div class=\"ti-widget-container ti-col-3\"> <div class=\"ti-header source-Google\"> <div class=\"ti-large-logo\"> <div class=\"ti-v-center\"> <img loading=\"lazy\" class=\"ti-logo-fb\" src=\"https:\/\/cdn.trustindex.io\/assets\/platform\/Google\/logo.svg\" width=\"150\" height=\"25\" alt=\"Google\" width=\"150\" height=\"25\" \/> <\/div> <\/div> <span class=\"ti-stars star-lg\"> <span class=\"ti-star f\"><\/span><span class=\"ti-star f\"><\/span><span class=\"ti-star f\"><\/span><span class=\"ti-star f\"><\/span><span class=\"ti-star f\"><\/span> <\/span> <div class=\"ti-rating-text\"> <span class=\"nowrap\">Basierend auf <strong>38 Bewertungen<\/strong><\/span> <\/div> <\/div> <div class=\"ti-reviews-container\"> <div class=\"ti-controls\"> <div class=\"ti-next\"><\/div> <div class=\"ti-prev\"><\/div> <\/div> <div class=\"ti-reviews-container-wrapper\">  <div data-empty=\"0\" class=\"ti-review-item source-Google\" > <div class=\"ti-inner\"> <div class=\"ti-review-header\"> <div class=\"ti-profile-img\"> <img src=\"https:\/\/lh3.googleusercontent.com\/a\/ALm5wu1sYFDpWet7c9UFLmWA_lY_S2QeYgQ-hSGjx1_o=s120-c-c-rp-w64-h64-mo-br100\" alt=\"Dominik Traut\" \/> <\/div> <div class=\"ti-profile-details\"> <div class=\"ti-name\"> Dominik Traut <\/div> <div class=\"ti-date\">8. September, 2022.<\/div> <\/div> <\/div> <span class=\"ti-stars\"><span class=\"ti-star f\"><\/span><span class=\"ti-star f\"><\/span><span class=\"ti-star f\"><\/span><span class=\"ti-star f\"><\/span><span class=\"ti-star f\"><\/span><\/span> <div class=\"ti-review-content\"><!-- R-CONTENT -->Schnell, unkompliziert und professionell.\nIch habe schon Bewerbungsfotos machen lassen bei anderen Studios da wurde ich hingesetzt, zwei bis drei mal geknippst und das wars.\n\nHier nimmt man sich so viel Zeit wie n\u00f6tig ist bis das beste Foto gefunden wurde. Ich bin sehr zufrieden und werde sicherlich wieder auf dieses Fotostudio zur\u00fcck kommen wenn ich mal wieder Fotos brauche.<!-- R-CONTENT --><\/div> <span class=\"ti-read-more\" data-container=\".ti-review-content\" data-collapse-text=\"Ausblenden\" data-open-text=\"Weiterlesen\"><\/span> <\/div> <\/div>  <div data-empty=\"0\" class=\"ti-review-item source-Google\" > <div class=\"ti-inner\"> <div class=\"ti-review-header\"> <div class=\"ti-profile-img\"> <img src=\"https:\/\/lh3.googleusercontent.com\/a\/ALm5wu0HPxNTO8HjAC4VXnr0q-ohoItwFk29e0AVQ2wi=s120-c-c-rp-w64-h64-mo-br100\" alt=\"Jennifer Wiedenmann\" \/> <\/div> <div class=\"ti-profile-details\"> <div class=\"ti-name\"> Jennifer Wiedenmann <\/div> <div class=\"ti-date\">29. August, 2022.<\/div> <\/div> <\/div> <span class=\"ti-stars\"><span class=\"ti-star f\"><\/span><span class=\"ti-star f\"><\/span><span class=\"ti-star f\"><\/span><span class=\"ti-star f\"><\/span><span class=\"ti-star f\"><\/span><\/span> <div class=\"ti-review-content\"><!-- R-CONTENT -->Schneller Termin, tolle Beratung, super Bilder. Habe gleich den n\u00e4chsten Termin gebucht und auch hier wieder alles z\u00fcgig und ein tolles Ergebnis. Eine sehr freundliche Fotografin \ud83d\ude42 Kann man definitiv weiterempfehlen!<!-- R-CONTENT --><\/div> <span class=\"ti-read-more\" data-container=\".ti-review-content\" data-collapse-text=\"Ausblenden\" data-open-text=\"Weiterlesen\"><\/span> <\/div> <\/div>  <div data-empty=\"0\" class=\"ti-review-item source-Google\" > <div class=\"ti-inner\"> <div class=\"ti-review-header\"> <div class=\"ti-profile-img\"> <img src=\"https:\/\/lh3.googleusercontent.com\/a-\/ACNPEu_Dhqe2JeSmKFhNnYunz1YCDaX3jKLKkDpKHVWqAw=s120-c-c-rp-w64-h64-mo-br100\" alt=\"marie josie\" \/> <\/div> <div class=\"ti-profile-details\"> <div class=\"ti-name\"> marie josie <\/div> <div class=\"ti-date\">24. August, 2022.<\/div> <\/div> <\/div> <span class=\"ti-stars\"><span class=\"ti-star f\"><\/span><span class=\"ti-star f\"><\/span><span class=\"ti-star f\"><\/span><span class=\"ti-star f\"><\/span><span class=\"ti-star f\"><\/span><\/span> <div class=\"ti-review-content\"><!-- R-CONTENT -->Ich hatte ein sehr sch\u00f6nes Shooting in angenehmer Atmosph\u00e4re. Kann es nur weiterempfehlen!<!-- R-CONTENT --><\/div> <span class=\"ti-read-more\" data-container=\".ti-review-content\" data-collapse-text=\"Ausblenden\" data-open-text=\"Weiterlesen\"><\/span> <\/div> <\/div>  <div data-empty=\"0\" class=\"ti-review-item source-Google\" > <div class=\"ti-inner\"> <div class=\"ti-review-header\"> <div class=\"ti-profile-img\"> <img src=\"https:\/\/lh3.googleusercontent.com\/a\/ALm5wu290cIoAv7GQx_6kIzqdej7I2zox8EoNzlDrJL4=s120-c-c-rp-w64-h64-mo-br100\" alt=\"Kerstin Schmelzing\" \/> <\/div> <div class=\"ti-profile-details\"> <div class=\"ti-name\"> Kerstin Schmelzing <\/div> <div class=\"ti-date\">27. Juli, 2022.<\/div> <\/div> <\/div> <span class=\"ti-stars\"><span class=\"ti-star f\"><\/span><span class=\"ti-star f\"><\/span><span class=\"ti-star f\"><\/span><span class=\"ti-star f\"><\/span><span class=\"ti-star f\"><\/span><\/span> <div class=\"ti-review-content\"><!-- R-CONTENT -->Sehr angenehme Atmosph\u00e4re, absolut freundlich mit tollen Tipps f\u00fcr wirklich sch\u00f6ne Bilder. Die Bewerbungsfotos sind super geworden. Werden auf jeden Fall wieder kommen.<!-- R-CONTENT --><\/div> <span class=\"ti-read-more\" data-container=\".ti-review-content\" data-collapse-text=\"Ausblenden\" data-open-text=\"Weiterlesen\"><\/span> <\/div> <\/div>  <div data-empty=\"0\" class=\"ti-review-item source-Google\" > <div class=\"ti-inner\"> <div class=\"ti-review-header\"> <div class=\"ti-profile-img\"> <img src=\"https:\/\/lh3.googleusercontent.com\/a\/ALm5wu2jjwt3jAaUrx-gTNbrHQ65_kcBQ2ILVpAV0YSs=s120-c-c-rp-w64-h64-mo-br100\" alt=\"Nils Werner\" \/> <\/div> <div class=\"ti-profile-details\"> <div class=\"ti-name\"> Nils Werner <\/div> <div class=\"ti-date\">5. Juli, 2022.<\/div> <\/div> <\/div> <span class=\"ti-stars\"><span class=\"ti-star f\"><\/span><span class=\"ti-star f\"><\/span><span class=\"ti-star f\"><\/span><span class=\"ti-star f\"><\/span><span class=\"ti-star f\"><\/span><\/span> <div class=\"ti-review-content\"><!-- R-CONTENT -->Nette Atmosph\u00e4re, individuelle Vorschl\u00e4ge zur Gestaltung der Fotografien, gute Fotos.\nInsgesamt rundum zu empfehlen.<!-- R-CONTENT --><\/div> <span class=\"ti-read-more\" data-container=\".ti-review-content\" data-collapse-text=\"Ausblenden\" data-open-text=\"Weiterlesen\"><\/span> <\/div> <\/div>  <div data-empty=\"0\" class=\"ti-review-item source-Google\" > <div class=\"ti-inner\"> <div class=\"ti-review-header\"> <div class=\"ti-profile-img\"> <img src=\"https:\/\/lh3.googleusercontent.com\/a\/ALm5wu1kX45utx_0blxB98Fhv46MrDrWCLYXkwPAqu50=s120-c-c-rp-w64-h64-mo-br100\" alt=\"Trisha Bottone\" \/> <\/div> <div class=\"ti-profile-details\"> <div class=\"ti-name\"> Trisha Bottone <\/div> <div class=\"ti-date\">3. Juni, 2022.<\/div> <\/div> <\/div> <span class=\"ti-stars\"><span class=\"ti-star f\"><\/span><span class=\"ti-star f\"><\/span><span class=\"ti-star f\"><\/span><span class=\"ti-star f\"><\/span><span class=\"ti-star f\"><\/span><\/span> <div class=\"ti-review-content\"><!-- R-CONTENT -->Foto bellissime,in un&#8217;atmosfera super tranquilla! Julia \u00e8 stata veramente gentile e bravissima nel suo lavoro.Le foto sono stupende.Torneremo qui presto per fare altri scatti al nostro piccolo! Consiglio assolutamente!<!-- R-CONTENT --><\/div> <span class=\"ti-read-more\" data-container=\".ti-review-content\" data-collapse-text=\"Ausblenden\" data-open-text=\"Weiterlesen\"><\/span> <\/div> <\/div>  <div data-empty=\"0\" class=\"ti-review-item source-Google\" > <div class=\"ti-inner\"> <div class=\"ti-review-header\"> <div class=\"ti-profile-img\"> <img src=\"https:\/\/lh3.googleusercontent.com\/a\/ALm5wu3bELYNmTyIn2UIcfIDA1NCd6lRqoCNQitiTEN5=s120-c-c-rp-w64-h64-mo-br100\" alt=\"Ufuk G\u00f6ksu\" \/> <\/div> <div class=\"ti-profile-details\"> <div class=\"ti-name\"> Ufuk G\u00f6ksu <\/div> <div class=\"ti-date\">7. Mai, 2022.<\/div> <\/div> <\/div> <span class=\"ti-stars\"><span class=\"ti-star f\"><\/span><span class=\"ti-star f\"><\/span><span class=\"ti-star f\"><\/span><span class=\"ti-star f\"><\/span><span class=\"ti-star f\"><\/span><\/span> <div class=\"ti-review-content\"><!-- R-CONTENT -->Eine fachlich kompetente Beratung und Top Leistung zu einem fairen Preis. Bilder sind super geworden. Weiterzuempfehlen. \ud83d\udc4d\ud83c\udffc<!-- R-CONTENT --><\/div> <span class=\"ti-read-more\" data-container=\".ti-review-content\" data-collapse-text=\"Ausblenden\" data-open-text=\"Weiterlesen\"><\/span> <\/div> <\/div>  <div data-empty=\"0\" class=\"ti-review-item source-Google\" > <div class=\"ti-inner\"> <div class=\"ti-review-header\"> <div class=\"ti-profile-img\"> <img src=\"https:\/\/lh3.googleusercontent.com\/a\/ALm5wu0y40Ofro54KVSz69_YMAZWxy5Lz4dECsv_W0gh=s120-c-c-rp-w64-h64-mo-br100\" alt=\"An Dre\" \/> <\/div> <div class=\"ti-profile-details\"> <div class=\"ti-name\"> An Dre <\/div> <div class=\"ti-date\">26. April, 2022.<\/div> <\/div> <\/div> <span class=\"ti-stars\"><span class=\"ti-star f\"><\/span><span class=\"ti-star f\"><\/span><span class=\"ti-star f\"><\/span><span class=\"ti-star f\"><\/span><span class=\"ti-star f\"><\/span><\/span> <div class=\"ti-review-content\"><!-- R-CONTENT -->Sehr angenehmes Shooting und entspannte Atmosph\u00e4re \ud83d\ude42 Die Fotografin war super freundlich und die Fotos sind auch sch\u00f6n geworden. Rundum: Alles Top &#8211; absolute Empfehlung!<!-- R-CONTENT --><\/div> <span class=\"ti-read-more\" data-container=\".ti-review-content\" data-collapse-text=\"Ausblenden\" data-open-text=\"Weiterlesen\"><\/span> <\/div> <\/div>  <div data-empty=\"0\" class=\"ti-review-item source-Google\" > <div class=\"ti-inner\"> <div class=\"ti-review-header\"> <div class=\"ti-profile-img\"> <img src=\"https:\/\/lh3.googleusercontent.com\/a\/ALm5wu34R4nlEIjPQVz5gEkEsQikHJMuQu83VgPV0474=s120-c-c-rp-w64-h64-mo-br100\" alt=\"Christian Brettschneider\" \/> <\/div> <div class=\"ti-profile-details\"> <div class=\"ti-name\"> Christian Brettschneider <\/div> <div class=\"ti-date\">24. April, 2022.<\/div> <\/div> <\/div> <span class=\"ti-stars\"><span class=\"ti-star f\"><\/span><span class=\"ti-star f\"><\/span><span class=\"ti-star f\"><\/span><span class=\"ti-star f\"><\/span><span class=\"ti-star f\"><\/span><\/span> <div class=\"ti-review-content\"><!-- R-CONTENT -->Super schnell einen Termin bekommen, megafreundlich, sehr viel Zeit genommen, um richtig gute Bilder zu bekommen&#8230; Jederzeit wieder und nur weiterzuempfehlen<!-- R-CONTENT --><\/div> <span class=\"ti-read-more\" data-container=\".ti-review-content\" data-collapse-text=\"Ausblenden\" data-open-text=\"Weiterlesen\"><\/span> <\/div> <\/div>  <\/div> <div class=\"ti-controls-dots\"> <div class=\"dot active\"><\/div> <\/div> <\/div> <\/div> <\/div>\t\t\t\t\t<\/div>\n\t\t\t\t\t\t<\/div>\n\t\t\t\t<\/div>\n\t\t\t\t\t\t<\/div>\n\t\t\t\t\t<\/div>\n\t\t<\/div>\n\t\t\t\t\t\t\t\t<\/div>\n\t\t\t\t\t<\/div>\n\t\t<\/section>\n\t\t\t\t\t\t\t\t\t<\/div>\n\t\t\t<\/div>\n\t\t\t\t\t<\/div>\n\t\t","protected":false},"excerpt":{"rendered":"<p>Wir g\u00f6nnen uns eine kleine kreative Pause und bieten aktuell keine Fotoshootings an \u2013 unsere Fotoboxen stehen Euch jedoch weiterhin zur Verf\u00fcgung! Fotostudio Brand Fotograf in Coburg<\/p>\n","protected":false},"author":1,"featured_media":0,"parent":0,"menu_order":1,"comment_status":"closed","ping_status":"closed","template":"","meta":[],"_links":{"self":[{"href":"https:\/\/www.fotostudiobrand.de\/fotograf-coburg\/wp-json\/wp\/v2\/pages\/1379"}],"collection":[{"href":"https:\/\/www.fotostudiobrand.de\/fotograf-coburg\/wp-json\/wp\/v2\/pages"}],"about":[{"href":"https:\/\/www.fotostudiobrand.de\/fotograf-coburg\/wp-json\/wp\/v2\/types\/page"}],"author":[{"embeddable":true,"href":"https:\/\/www.fotostudiobrand.de\/fotograf-coburg\/wp-json\/wp\/v2\/users\/1"}],"replies":[{"embeddable":true,"href":"https:\/\/www.fotostudiobrand.de\/fotograf-coburg\/wp-json\/wp\/v2\/comments?post=1379"}],"version-history":[{"count":177,"href":"https:\/\/www.fotostudiobrand.de\/fotograf-coburg\/wp-json\/wp\/v2\/pages\/1379\/revisions"}],"predecessor-version":[{"id":4660,"href":"https:\/\/www.fotostudiobrand.de\/fotograf-coburg\/wp-json\/wp\/v2\/pages\/1379\/revisions\/4660"}],"wp:attachment":[{"href":"https:\/\/www.fotostudiobrand.de\/fotograf-coburg\/wp-json\/wp\/v2\/media?parent=1379"}],"curies":[{"name":"wp","href":"https:\/\/api.w.org\/{rel}","templated":true}]}}